{"id":6589,"date":"2025-06-05T19:23:30","date_gmt":"2025-06-05T19:23:30","guid":{"rendered":"https:\/\/www.siviajo.com\/blog\/?page_id=6589"},"modified":"2026-03-27T16:17:07","modified_gmt":"2026-03-27T16:17:07","slug":"suscribite","status":"publish","type":"page","link":"https:\/\/www.siviajo.com\/blog\/suscribite\/","title":{"rendered":"Suscribite"},"content":{"rendered":"<p>Suscribite<\/p>\n","protected":false},"excerpt":{"rendered":"<p>Suscribite<\/p>\n","protected":false},"author":3,"featured_media":0,"parent":0,"menu_order":0,"comment_status":"closed","ping_status":"closed","template":"","meta":{"footnotes":""},"class_list":{"0":"post-6589","1":"page","2":"type-page","3":"status-publish","5":"infinite-scroll-item"},"yoast_head":"<!-- This site is optimized with the Yoast SEO plugin v27.2 - https:\/\/yoast.com\/product\/yoast-seo-wordpress\/ -->\n<title>Suscribite - Viajamos con vos!<\/title>\n<meta name=\"robots\" content=\"index, follow, max-snippet:-1, max-image-preview:large, max-video-preview:-1\" \/>\n<link rel=\"canonical\" href=\"https:\/\/www.siviajo.com\/blog\/suscribite\/\" \/>\n<meta property=\"og:locale\" content=\"es_ES\" \/>\n<meta property=\"og:type\" content=\"article\" \/>\n<meta property=\"og:title\" content=\"Suscribite - Viajamos con vos!\" \/>\n<meta property=\"og:description\" content=\"Suscribite\" \/>\n<meta property=\"og:url\" content=\"https:\/\/www.siviajo.com\/blog\/suscribite\/\" \/>\n<meta property=\"og:site_name\" content=\"Viajamos con vos!\" \/>\n<meta property=\"article:modified_time\" content=\"2026-03-27T16:17:07+00:00\" \/>\n<meta name=\"twitter:card\" content=\"summary_large_image\" \/>\n<meta name=\"twitter:label1\" content=\"Tiempo de lectura\" \/>\n\t<meta name=\"twitter:data1\" content=\"1 minuto\" \/>\n<script type=\"application\/ld+json\" class=\"yoast-schema-graph\">{\"@context\":\"https:\/\/schema.org\",\"@graph\":[{\"@type\":\"WebPage\",\"@id\":\"https:\/\/www.siviajo.com\/blog\/suscribite\/\",\"url\":\"https:\/\/www.siviajo.com\/blog\/suscribite\/\",\"name\":\"Suscribite - Viajamos con vos!\",\"isPartOf\":{\"@id\":\"https:\/\/www.siviajo.com\/blog\/#website\"},\"datePublished\":\"2025-06-05T19:23:30+00:00\",\"dateModified\":\"2026-03-27T16:17:07+00:00\",\"breadcrumb\":{\"@id\":\"https:\/\/www.siviajo.com\/blog\/suscribite\/#breadcrumb\"},\"inLanguage\":\"es-AR\",\"potentialAction\":[{\"@type\":\"ReadAction\",\"target\":[\"https:\/\/www.siviajo.com\/blog\/suscribite\/\"]}]},{\"@type\":\"BreadcrumbList\",\"@id\":\"https:\/\/www.siviajo.com\/blog\/suscribite\/#breadcrumb\",\"itemListElement\":[{\"@type\":\"ListItem\",\"position\":1,\"name\":\"Viajamos con vos\",\"item\":\"https:\/\/www.siviajo.com\/blog\/\"},{\"@type\":\"ListItem\",\"position\":2,\"name\":\"Suscribite\"}]},{\"@type\":\"WebSite\",\"@id\":\"https:\/\/www.siviajo.com\/blog\/#website\",\"url\":\"https:\/\/www.siviajo.com\/blog\/\",\"name\":\"Viajamos con vos!\",\"description\":\"El blog oficial de nuestra agencia de viajes especializada en turismo. \ud83c\udf0d\u2708\ufe0f Descubre gu\u00edas, consejos y los mejores destinos para planificar tus pr\u00f3ximas aventuras. Con S\u00ed Viajo, dise\u00f1amos experiencias \u00fanicas para que vivas el viaje de tus sue\u00f1os. \ud83e\uddf3\u2728\",\"publisher\":{\"@id\":\"https:\/\/www.siviajo.com\/blog\/#organization\"},\"potentialAction\":[{\"@type\":\"SearchAction\",\"target\":{\"@type\":\"EntryPoint\",\"urlTemplate\":\"https:\/\/www.siviajo.com\/blog\/?s={search_term_string}\"},\"query-input\":{\"@type\":\"PropertyValueSpecification\",\"valueRequired\":true,\"valueName\":\"search_term_string\"}}],\"inLanguage\":\"es-AR\"},{\"@type\":\"Organization\",\"@id\":\"https:\/\/www.siviajo.com\/blog\/#organization\",\"name\":\"Viajamos con vos!\",\"url\":\"https:\/\/www.siviajo.com\/blog\/\",\"logo\":{\"@type\":\"ImageObject\",\"inLanguage\":\"es-AR\",\"@id\":\"https:\/\/www.siviajo.com\/blog\/#\/schema\/logo\/image\/\",\"url\":\"https:\/\/www.siviajo.com\/blog\/wp-content\/uploads\/2026\/03\/cropped-logo-si-viajo-AZUL_-1-scaled-1.png\",\"contentUrl\":\"https:\/\/www.siviajo.com\/blog\/wp-content\/uploads\/2026\/03\/cropped-logo-si-viajo-AZUL_-1-scaled-1.png\",\"width\":2558,\"height\":514,\"caption\":\"Viajamos con vos!\"},\"image\":{\"@id\":\"https:\/\/www.siviajo.com\/blog\/#\/schema\/logo\/image\/\"}}]}<\/script>\n<!-- \/ Yoast SEO plugin. -->","yoast_head_json":{"title":"Suscribite - Viajamos con vos!","robots":{"index":"index","follow":"follow","max-snippet":"max-snippet:-1","max-image-preview":"max-image-preview:large","max-video-preview":"max-video-preview:-1"},"canonical":"https:\/\/www.siviajo.com\/blog\/suscribite\/","og_locale":"es_ES","og_type":"article","og_title":"Suscribite - Viajamos con vos!","og_description":"Suscribite","og_url":"https:\/\/www.siviajo.com\/blog\/suscribite\/","og_site_name":"Viajamos con vos!","article_modified_time":"2026-03-27T16:17:07+00:00","twitter_card":"summary_large_image","twitter_misc":{"Tiempo de lectura":"1 minuto"},"schema":{"@context":"https:\/\/schema.org","@graph":[{"@type":"WebPage","@id":"https:\/\/www.siviajo.com\/blog\/suscribite\/","url":"https:\/\/www.siviajo.com\/blog\/suscribite\/","name":"Suscribite - Viajamos con vos!","isPartOf":{"@id":"https:\/\/www.siviajo.com\/blog\/#website"},"datePublished":"2025-06-05T19:23:30+00:00","dateModified":"2026-03-27T16:17:07+00:00","breadcrumb":{"@id":"https:\/\/www.siviajo.com\/blog\/suscribite\/#breadcrumb"},"inLanguage":"es-AR","potentialAction":[{"@type":"ReadAction","target":["https:\/\/www.siviajo.com\/blog\/suscribite\/"]}]},{"@type":"BreadcrumbList","@id":"https:\/\/www.siviajo.com\/blog\/suscribite\/#breadcrumb","itemListElement":[{"@type":"ListItem","position":1,"name":"Viajamos con vos","item":"https:\/\/www.siviajo.com\/blog\/"},{"@type":"ListItem","position":2,"name":"Suscribite"}]},{"@type":"WebSite","@id":"https:\/\/www.siviajo.com\/blog\/#website","url":"https:\/\/www.siviajo.com\/blog\/","name":"Viajamos con vos!","description":"El blog oficial de nuestra agencia de viajes especializada en turismo. \ud83c\udf0d\u2708\ufe0f Descubre gu\u00edas, consejos y los mejores destinos para planificar tus pr\u00f3ximas aventuras. Con S\u00ed Viajo, dise\u00f1amos experiencias \u00fanicas para que vivas el viaje de tus sue\u00f1os. \ud83e\uddf3\u2728","publisher":{"@id":"https:\/\/www.siviajo.com\/blog\/#organization"},"potentialAction":[{"@type":"SearchAction","target":{"@type":"EntryPoint","urlTemplate":"https:\/\/www.siviajo.com\/blog\/?s={search_term_string}"},"query-input":{"@type":"PropertyValueSpecification","valueRequired":true,"valueName":"search_term_string"}}],"inLanguage":"es-AR"},{"@type":"Organization","@id":"https:\/\/www.siviajo.com\/blog\/#organization","name":"Viajamos con vos!","url":"https:\/\/www.siviajo.com\/blog\/","logo":{"@type":"ImageObject","inLanguage":"es-AR","@id":"https:\/\/www.siviajo.com\/blog\/#\/schema\/logo\/image\/","url":"https:\/\/www.siviajo.com\/blog\/wp-content\/uploads\/2026\/03\/cropped-logo-si-viajo-AZUL_-1-scaled-1.png","contentUrl":"https:\/\/www.siviajo.com\/blog\/wp-content\/uploads\/2026\/03\/cropped-logo-si-viajo-AZUL_-1-scaled-1.png","width":2558,"height":514,"caption":"Viajamos con vos!"},"image":{"@id":"https:\/\/www.siviajo.com\/blog\/#\/schema\/logo\/image\/"}}]}},"_links":{"self":[{"href":"https:\/\/www.siviajo.com\/blog\/wp-json\/wp\/v2\/pages\/6589","targetHints":{"allow":["GET"]}}],"collection":[{"href":"https:\/\/www.siviajo.com\/blog\/wp-json\/wp\/v2\/pages"}],"about":[{"href":"https:\/\/www.siviajo.com\/blog\/wp-json\/wp\/v2\/types\/page"}],"author":[{"embeddable":true,"href":"https:\/\/www.siviajo.com\/blog\/wp-json\/wp\/v2\/users\/3"}],"replies":[{"embeddable":true,"href":"https:\/\/www.siviajo.com\/blog\/wp-json\/wp\/v2\/comments?post=6589"}],"version-history":[{"count":17,"href":"https:\/\/www.siviajo.com\/blog\/wp-json\/wp\/v2\/pages\/6589\/revisions"}],"predecessor-version":[{"id":7649,"href":"https:\/\/www.siviajo.com\/blog\/wp-json\/wp\/v2\/pages\/6589\/revisions\/7649"}],"wp:attachment":[{"href":"https:\/\/www.siviajo.com\/blog\/wp-json\/wp\/v2\/media?parent=6589"}],"curies":[{"name":"wp","href":"https:\/\/api.w.org\/{rel}","templated":true}]}}